{"id":21976,"date":"2024-12-01T06:02:41","date_gmt":"2024-12-01T06:02:41","guid":{"rendered":"https:\/\/dev243.kodesolution.com\/stratify\/?page_id=21976"},"modified":"2026-03-18T10:05:36","modified_gmt":"2026-03-18T10:05:36","slug":"tax-accounting-coordination","status":"publish","type":"page","link":"https:\/\/adriacorporateservice.de\/?page_id=21976","title":{"rendered":"Tax &amp; Accounting Coordination"},"content":{"rendered":"\t\t<div data-elementor-type=\"wp-page\" data-elementor-id=\"21976\" class=\"elementor elementor-21976\" data-elementor-post-type=\"page\">\n\t\t\t\t<div class=\"elementor-element elementor-element-44452a4 e-flex e-con-boxed tm-col-stretched-none tm-bg-color-over-image e-con e-parent\" data-id=\"44452a4\" data-element_type=\"container\">\n\t\t\t\t\t<div class=\"e-con-inner\">\n\t\t<div class=\"elementor-element elementor-element-1bd7790 e-con-full e-flex tm-col-stretched-none tm-bg-color-over-image e-con e-child\" data-id=\"1bd7790\" data-element_type=\"container\">\n\t\t\t\t<div class=\"elementor-element elementor-element-40c41a3 elementor-widget elementor-widget-tm-ele-navigation-menu\" data-id=\"40c41a3\" data-element_type=\"widget\" data-widget_type=\"tm-ele-navigation-menu.default\">\n\t\t\t\t<div class=\"elementor-widget-container\">\n\t\t\t\t\t<div class=\"tm-sc-simple-nav-menu\"><ul id=\"menu-leistungen\" class=\"\"><li id=\"menu-item-31297\" class=\"menu-item menu-item-type-post_type menu-item-object-page menu-item-31297\"><a href=\"https:\/\/adriacorporateservice.de\/?page_id=30980\"><i class=\"tm-nav-arrow-icon fas fa-arrow-right\"><\/i>Firmengr\u00fcndung &#038; Market Entry<\/a><\/li>\n<li id=\"menu-item-31300\" class=\"menu-item menu-item-type-post_type menu-item-object-page menu-item-31300\"><a href=\"https:\/\/adriacorporateservice.de\/?page_id=21971\"><i class=\"tm-nav-arrow-icon fas fa-arrow-right\"><\/i>Registered Office &#038; Substanzservices<\/a><\/li>\n<li id=\"menu-item-31295\" class=\"menu-item menu-item-type-post_type menu-item-object-page menu-item-31295\"><a href=\"https:\/\/adriacorporateservice.de\/?page_id=21983\"><i class=\"tm-nav-arrow-icon fas fa-arrow-right\"><\/i>Corporate Governance &#038; Secretarial Services<\/a><\/li>\n<li id=\"menu-item-31294\" class=\"menu-item menu-item-type-post_type menu-item-object-page menu-item-31294\"><a href=\"https:\/\/adriacorporateservice.de\/?page_id=21984\"><i class=\"tm-nav-arrow-icon fas fa-arrow-right\"><\/i>Compliance, AML &#038; Regulatory Services<\/a><\/li>\n<li id=\"menu-item-31298\" class=\"menu-item menu-item-type-post_type menu-item-object-page menu-item-31298\"><a href=\"https:\/\/adriacorporateservice.de\/?page_id=21976\"><i class=\"tm-nav-arrow-icon fas fa-arrow-right\"><\/i>Tax &amp; Accounting Coordination<\/a><\/li>\n<li id=\"menu-item-31296\" class=\"menu-item menu-item-type-post_type menu-item-object-page menu-item-31296\"><a href=\"https:\/\/adriacorporateservice.de\/?page_id=21974\"><i class=\"tm-nav-arrow-icon fas fa-arrow-right\"><\/i>ESG, CO\u2082 Reporting &#038; CBAM Support<\/a><\/li>\n<li id=\"menu-item-31301\" class=\"menu-item menu-item-type-post_type menu-item-object-page menu-item-31301\"><a href=\"https:\/\/adriacorporateservice.de\/?page_id=30982\"><i class=\"tm-nav-arrow-icon fas fa-arrow-right\"><\/i>Investieren in Bosnien &#038; Herzegowina<\/a><\/li>\n<\/ul><\/div>\t\t\t\t<\/div>\n\t\t\t\t<\/div>\n\t\t<div class=\"elementor-element elementor-element-ce1e2b2 e-con-full e-flex tm-col-stretched-none tm-bg-color-over-image e-con e-child\" data-id=\"ce1e2b2\" data-element_type=\"container\" data-settings=\"{&quot;background_background&quot;:&quot;classic&quot;}\">\n\t\t<div class=\"elementor-element elementor-element-c5c6a29 e-con-full e-flex tm-col-stretched-none tm-bg-color-over-image e-con e-child\" data-id=\"c5c6a29\" data-element_type=\"container\">\n\t\t\t\t<div class=\"elementor-element elementor-element-9cd1312 elementor-widget elementor-widget-tm-ele-iconbox\" data-id=\"9cd1312\" data-element_type=\"widget\" data-widget_type=\"tm-ele-iconbox.default\">\n\t\t\t\t<div class=\"elementor-widget-container\">\n\t\t\t\t\t<div class=\"tm-sc-icon-box icon-box icon-top font-icon icon-top animate-hover icon-rotate-y\">\r\n\t\r\n  \t<div class=\"icon-box-wrapper\">\r\n\t\t\r\n\t\t<div class=\"icon-wrapper\">\r\n\t\t<div class=\"icon icon-circled icon-type-font-icon icon-sm\">\r\n\t\t\t<i aria-hidden=\"true\" class=\" flaticon-common-call\"><\/i>\t\t<\/div>\r\n\r\n\t\t\t<\/div>\r\n\t\t\t<div class=\"icon-text\">\r\n\t\t\t\t\t\t\r\n\t\t\t\t\t\t\t\t\r\n\t\t\t\r\n\t\r\n\t\t\t\t\t<\/div>\r\n\t\t<div class=\"clearfix\"><\/div>\r\n\t<\/div>\r\n<\/div>\t\t\t\t<\/div>\n\t\t\t\t<\/div>\n\t\t\t\t<div class=\"elementor-element elementor-element-902ef59 elementor-widget elementor-widget-heading\" data-id=\"902ef59\" data-element_type=\"widget\" data-widget_type=\"heading.default\">\n\t\t\t\t\t<h3 class=\"elementor-heading-title elementor-size-default\">Kontaktieren Sie uns\nf\u00fcr eine\nBeratung<\/h3>\t\t\t\t<\/div>\n\t\t\t\t<div class=\"elementor-element elementor-element-89fc7c6 horizontal-line-align-left vertical-line-align-bottom elementor-widget elementor-widget-tm-ele-section-title\" data-id=\"89fc7c6\" data-element_type=\"widget\" data-widget_type=\"tm-ele-section-title.default\">\n\t\t\t\t<div class=\"elementor-widget-container\">\n\t\t\t\t\t<div class=\"tm-sc-section-title section-title \">\r\n\t<div class=\"title-wrapper\">\r\n\t\t\t\t\r\n\r\n<div class=\"sub-title-outer\">\r\n\t\t<p class=\"subtitle \">\r\n\r\n\t\t\r\n\t\ttel:\t<\/p>\r\n\t<\/div>\t\t\t<h5 class=\"title \"  >\r\n\r\n\t\t\r\n\t\t\t\t<span class=\"title-part1 \">+387 630 73 311<\/span>\r\n\t\t\t\t\r\n\t\t\t\t\t\t\t\r\n\t<\/h5>\r\n\t<div class=\"title-seperator-line\"><\/div>\t\t\t\t\t\t<\/div>\r\n<\/div>\t\t\t\t<\/div>\n\t\t\t\t<\/div>\n\t\t\t\t<\/div>\n\t\t\t\t<\/div>\n\t\t\t\t<\/div>\n\t\t<div class=\"elementor-element elementor-element-43c4cfc e-con-full e-flex tm-col-stretched-none tm-bg-color-over-image e-con e-child\" data-id=\"43c4cfc\" data-element_type=\"container\">\n\t\t\t\t<div class=\"elementor-element elementor-element-5c43325 elementor-widget elementor-widget-image\" data-id=\"5c43325\" data-element_type=\"widget\" data-widget_type=\"image.default\">\n\t\t\t\t\t\t\t\t\t\t\t\t\t\t\t<img decoding=\"async\" src=\"https:\/\/adriacorporateservice.de\/wp-content\/uploads\/2026\/02\/acc.jpg\" title=\"Tax &#038; Accounting Coordination\" alt=\"Tax &amp; Accounting Coordination\" loading=\"lazy\" \/>\t\t\t\t\t\t\t\t\t\t\t\t\t\t\t<\/div>\n\t\t\t\t<div class=\"elementor-element elementor-element-8bc9292 elementor-widget elementor-widget-tm-ele-text-editor\" data-id=\"8bc9292\" data-element_type=\"widget\" data-widget_type=\"tm-ele-text-editor.default\">\n\t\t\t\t<div class=\"elementor-widget-container\">\n\t\t\t\t\t\t\t<div class=\"tm-text-editor\">\r\n\t\t<h3 class=\"mt-4\"><strong>Tax &amp; Accounting Coordination<\/strong><\/h3>\t\t<\/div>\r\n\t\t\t\t\t<\/div>\n\t\t\t\t<\/div>\n\t\t\t\t<div class=\"elementor-element elementor-element-bda8bcd elementor-widget elementor-widget-tm-ele-text-editor\" data-id=\"bda8bcd\" data-element_type=\"widget\" data-widget_type=\"tm-ele-text-editor.default\">\n\t\t\t\t<div class=\"elementor-widget-container\">\n\t\t\t\t\t\t\t<div class=\"tm-text-editor\">\r\n\t\t<p><strong><span lang=\"DE\">Pr\u00e4zise steuerliche Erf\u00fcllung \u2013 koordiniert, \u00fcberwacht und dokumentiert.<\/span><\/strong><span lang=\"DE\"><o:p><\/o:p><\/span><\/p><p><span lang=\"DE\">Wir \u00fcbernehmen die vollst\u00e4ndige Steuer- und Accounting-Koordinierung in Zusammenarbeit mit spezialisierten lizenzierten Steuerberatern. Unternehmen profitieren von klaren Prozessen, transparenter Dokumentation und absoluter Verl\u00e4sslichkeit.<o:p><\/o:p><\/span><\/p>\t\t<\/div>\r\n\t\t\t\t\t<\/div>\n\t\t\t\t<\/div>\n\t\t\t\t<div class=\"elementor-element elementor-element-443ddba elementor-widget elementor-widget-tm-ele-text-editor\" data-id=\"443ddba\" data-element_type=\"widget\" data-widget_type=\"tm-ele-text-editor.default\">\n\t\t\t\t<div class=\"elementor-widget-container\">\n\t\t\t\t\t\t\t<div class=\"tm-text-editor\">\r\n\t\t<h3><strong><span>Leistungen<\/span><\/strong><\/h3><h3 data-path-to-node=\"3\"><b data-path-to-node=\"3\" data-index-in-node=\"0\">Effiziente Tax &amp; Accounting Coordination f\u00fcr Ihr Unternehmen<\/b><\/h3><p data-path-to-node=\"4\">Die Einhaltung lokaler steuerlicher Vorschriften ist eine der gr\u00f6\u00dften Herausforderungen f\u00fcr internationale Investoren in Bosnien und Herzegowina. Unsere <b data-path-to-node=\"4\" data-index-in-node=\"153\">TAC<\/b> schlie\u00dft die L\u00fccke zwischen Ihrem Unternehmen und den komplexen regulatorischen Anforderungen. Wir sorgen daf\u00fcr, dass alle Prozesse koordiniert, \u00fcberwacht und pr\u00e4zise dokumentiert werden.<\/p><p data-path-to-node=\"5\"><b data-path-to-node=\"5\" data-index-in-node=\"0\">Warum unsere Tax &amp; Accounting Coordination den Unterschied macht:<\/b><\/p><p data-path-to-node=\"6\">Im Rahmen unserer Koordination arbeiten wir eng mit spezialisierten, lizenzierten Steuerberatern zusammen. Dies garantiert Ihnen nicht nur absolute Verl\u00e4sslichkeit, sondern auch volle Transparenz in Ihrer Buchf\u00fchrung.<\/p><ul><li data-path-to-node=\"7,0,0\"><b data-path-to-node=\"7,0,0\" data-index-in-node=\"0\">Sicherstellung der Compliance:<\/b> Wir \u00fcberwachen alle steuerlichen Fristen und Einreichungen, damit Sie keine Termine vers\u00e4umen.<\/li><li data-path-to-node=\"7,1,0\"><b data-path-to-node=\"7,1,0\" data-index-in-node=\"0\">Individuelle Berichterstattung:<\/b> Erhalten Sie regelm\u00e4\u00dfige Updates \u00fcber Ihre finanzielle Lage, angepasst an Ihre internen Reporting-Standards.<\/li><li data-path-to-node=\"7,2,0\"><b data-path-to-node=\"7,2,0\" data-index-in-node=\"0\">Zentrale Schnittstelle:<\/b> Wir fungieren als Ihr zentraler Ansprechpartner f\u00fcr die Kommunikation mit Steuerbeh\u00f6rden und Partnern.<\/li><\/ul><p data-path-to-node=\"8\">Mit der <b data-path-to-node=\"8\" data-index-in-node=\"8\">Tax &amp; Accounting Coordination<\/b> von Adria Corporate Service minimieren Sie steuerliche Risiken und k\u00f6nnen sich voll auf das Wachstum Ihres Kerngesch\u00e4fts konzentrieren. Wir bringen Ordnung in Ihre Zahlen und Sicherheit in Ihre Planung.<\/p>\t\t<\/div>\r\n\t\t\t\t\t<\/div>\n\t\t\t\t<\/div>\n\t\t\t\t<\/div>\n\t\t\t\t\t<\/div>\n\t\t\t\t<\/div>\n\t\t\t\t<\/div>\n\t\t","protected":false},"excerpt":{"rendered":"<p>Firmengr\u00fcndung &#038; Market Entry Registered Office &#038; Substanzservices Corporate Governance &#038; Secretarial Services Compliance, AML &#038; Regulatory Services Tax &amp;&#8230;<\/p>\n","protected":false},"author":2,"featured_media":0,"parent":0,"menu_order":0,"comment_status":"closed","ping_status":"closed","template":"","meta":{"footnotes":""},"class_list":["post-21976","page","type-page","status-publish","hentry"],"_links":{"self":[{"href":"https:\/\/adriacorporateservice.de\/index.php?rest_route=\/wp\/v2\/pages\/21976","targetHints":{"allow":["GET"]}}],"collection":[{"href":"https:\/\/adriacorporateservice.de\/index.php?rest_route=\/wp\/v2\/pages"}],"about":[{"href":"https:\/\/adriacorporateservice.de\/index.php?rest_route=\/wp\/v2\/types\/page"}],"author":[{"embeddable":true,"href":"https:\/\/adriacorporateservice.de\/index.php?rest_route=\/wp\/v2\/users\/2"}],"replies":[{"embeddable":true,"href":"https:\/\/adriacorporateservice.de\/index.php?rest_route=%2Fwp%2Fv2%2Fcomments&post=21976"}],"version-history":[{"count":35,"href":"https:\/\/adriacorporateservice.de\/index.php?rest_route=\/wp\/v2\/pages\/21976\/revisions"}],"predecessor-version":[{"id":31815,"href":"https:\/\/adriacorporateservice.de\/index.php?rest_route=\/wp\/v2\/pages\/21976\/revisions\/31815"}],"wp:attachment":[{"href":"https:\/\/adriacorporateservice.de\/index.php?rest_route=%2Fwp%2Fv2%2Fmedia&parent=21976"}],"curies":[{"name":"wp","href":"https:\/\/api.w.org\/{rel}","templated":true}]}}